{"id":7862,"date":"2024-05-07T18:02:56","date_gmt":"2024-05-07T18:02:56","guid":{"rendered":"http:\/\/baeagencyusa.com\/?page_id=7862"},"modified":"2026-02-21T02:09:36","modified_gmt":"2026-02-21T07:09:36","slug":"im-a-model","status":"publish","type":"page","link":"https:\/\/baeagencyusa.com\/pt\/im-a-model\/","title":{"rendered":"Become a model"},"content":{"rendered":"<div data-elementor-type=\"wp-page\" data-elementor-id=\"7862\" class=\"elementor elementor-7862\" data-elementor-post-type=\"page\">\n\t\t\t\t<div class=\"elementor-element elementor-element-0a90d3d e-flex e-con-boxed e-con e-parent\" data-id=\"0a90d3d\" data-element_type=\"container\" data-settings=\"{&quot;background_background&quot;:&quot;classic&quot;,&quot;jet_parallax_layout_list&quot;:[]}\">\n\t\t\t\t\t<div class=\"e-con-inner\">\n\t\t\t\t<div class=\"elementor-element elementor-element-27cb967 elementor-widget-mobile__width-initial elementor-widget elementor-widget-heading\" data-id=\"27cb967\" data-element_type=\"widget\" data-widget_type=\"heading.default\">\n\t\t\t\t<div class=\"elementor-widget-container\">\n\t\t\t\t\t<h2 class=\"elementor-heading-title elementor-size-default\">QUER SER UM BAE MODELO?<\/h2>\t\t\t\t<\/div>\n\t\t\t\t<\/div>\n\t\t\t\t<div class=\"elementor-element elementor-element-254fd79 elementor-widget-mobile__width-initial elementor-widget elementor-widget-text-editor\" data-id=\"254fd79\" data-element_type=\"widget\" data-widget_type=\"text-editor.default\">\n\t\t\t\t<div class=\"elementor-widget-container\">\n\t\t\t\t\t\t\t\t\t<p>Voc\u00ea est\u00e1 de sa\u00edda com fortes social e habilidades de comunica\u00e7\u00e3o? Junte-se a BAE Ag\u00eancia e deixe o seu carisma ilumine o seu caminho! Abra\u00e7ar suas qualidades \u00fanicas, a construir o seu portf\u00f3lio, e embarcar em uma viagem onde a sua personalidade tomar o centro do palco.<\/p><p>Olhando para um papel diferente? Estamos tamb\u00e9m a contrata\u00e7\u00e3o de fot\u00f3grafos, social media managers, assistentes e muito mais. Explorar todas as vagas dispon\u00edveis e candidatar-se atrav\u00e9s <span style=\"text-decoration: underline;\"><em><a href=\"\/pt\/work-with-us\/\">essa p\u00e1gina.<\/a><\/em><\/span><\/p>\t\t\t\t\t\t\t\t<\/div>\n\t\t\t\t<\/div>\n\t\t\t\t<div class=\"elementor-element elementor-element-0a788a3 elementor-widget elementor-widget-heading\" data-id=\"0a788a3\" data-element_type=\"widget\" data-widget_type=\"heading.default\">\n\t\t\t\t<div class=\"elementor-widget-container\">\n\t\t\t\t\t<h2 class=\"elementor-heading-title elementor-size-default\">Digite o banco de dados e\ntrabalhe com a gente!<\/h2>\t\t\t\t<\/div>\n\t\t\t\t<\/div>\n\t\t\t\t<div class=\"elementor-element elementor-element-92a56af elementor-align-center elementor-widget__width-auto elementor-widget elementor-widget-button\" data-id=\"92a56af\" data-element_type=\"widget\" data-widget_type=\"button.default\">\n\t\t\t\t<div class=\"elementor-widget-container\">\n\t\t\t\t\t\t\t\t\t<div class=\"elementor-button-wrapper\">\n\t\t\t\t\t<a class=\"elementor-button elementor-button-link elementor-size-sm elementor-animation-grow\" href=\"https:\/\/jobs.baeagencyusa.com\/?modal=register\">\n\t\t\t\t\t\t<span class=\"elementor-button-content-wrapper\">\n\t\t\t\t\t\t\t\t\t<span class=\"elementor-button-text\">CRIE UM PERFIL<\/span>\n\t\t\t\t\t<\/span>\n\t\t\t\t\t<\/a>\n\t\t\t\t<\/div>\n\t\t\t\t\t\t\t\t<\/div>\n\t\t\t\t<\/div>\n\t\t\t\t<div class=\"elementor-element elementor-element-06c2dd1 elementor-widget elementor-widget-text-editor\" data-id=\"06c2dd1\" data-element_type=\"widget\" data-settings=\"{&quot;_animation_mobile&quot;:&quot;none&quot;}\" data-widget_type=\"text-editor.default\">\n\t\t\t\t<div class=\"elementor-widget-container\">\n\t\t\t\t\t\t\t\t\t<p>J\u00e1 tem uma conta? <span style=\"text-decoration: underline;\"><strong><a href=\"https:\/\/jobs.baeagencyusa.com\/?modal=login\">Login aqui.<\/a><\/strong><\/span><\/p><p>ou <a href=\"https:\/\/jobs.baeagencyusa.com\/\"><span style=\"text-decoration: underline;\"><strong>PR\u00d3XIMOS EVENTOS<\/strong><\/span><\/a>.<\/p>\t\t\t\t\t\t\t\t<\/div>\n\t\t\t\t<\/div>\n\t\t\t\t<div class=\"elementor-element elementor-element-da6b07b elementor-align-center elementor-widget__width-auto elementor-hidden-desktop elementor-hidden-tablet elementor-hidden-mobile elementor-widget elementor-widget-button\" data-id=\"da6b07b\" data-element_type=\"widget\" data-widget_type=\"button.default\">\n\t\t\t\t<div class=\"elementor-widget-container\">\n\t\t\t\t\t\t\t\t\t<div class=\"elementor-button-wrapper\">\n\t\t\t\t\t<a class=\"elementor-button elementor-button-link elementor-size-sm elementor-animation-grow\" href=\"#elementor-action%3Aaction%3Dpopup%3Aopen%26settings%3DeyJpZCI6IjExOTY4IiwidG9nZ2xlIjpmYWxzZX0%3D\">\n\t\t\t\t\t\t<span class=\"elementor-button-content-wrapper\">\n\t\t\t\t\t\t\t\t\t<span class=\"elementor-button-text\">PEDIDO DE RESERVA<\/span>\n\t\t\t\t\t<\/span>\n\t\t\t\t\t<\/a>\n\t\t\t\t<\/div>\n\t\t\t\t\t\t\t\t<\/div>\n\t\t\t\t<\/div>\n\t\t\t\t<div class=\"elementor-element elementor-element-72ae78c elementor-widget-divider--view-line elementor-widget elementor-widget-divider\" data-id=\"72ae78c\" data-element_type=\"widget\" data-widget_type=\"divider.default\">\n\t\t\t\t<div class=\"elementor-widget-container\">\n\t\t\t\t\t\t\t<div class=\"elementor-divider\">\n\t\t\t<span class=\"elementor-divider-separator\">\n\t\t\t\t\t\t<\/span>\n\t\t<\/div>\n\t\t\t\t\t\t<\/div>\n\t\t\t\t<\/div>\n\t\t\t\t\t<\/div>\n\t\t\t\t<\/div>\n\t\t\t\t<\/div>","protected":false},"excerpt":{"rendered":"<p>WANT TO BE A BAE MODEL? Are you outgoing with strong social and communication skills? Join BAE Agency and let your charisma light up your path! Embrace your unique qualities, build your portfolio, and embark on a journey where your personality take center stage. Looking for a different role? We\u2019re also hiring photographers, social media [&hellip;]<\/p>","protected":false},"author":69,"featured_media":0,"parent":0,"menu_order":0,"comment_status":"closed","ping_status":"closed","template":"","meta":{"_jf_save_progress":"","_jf_limit_responses":"","footnotes":""},"class_list":["post-7862","page","type-page","status-publish","hentry"],"_links":{"self":[{"href":"https:\/\/baeagencyusa.com\/pt\/wp-json\/wp\/v2\/pages\/7862","targetHints":{"allow":["GET"]}}],"collection":[{"href":"https:\/\/baeagencyusa.com\/pt\/wp-json\/wp\/v2\/pages"}],"about":[{"href":"https:\/\/baeagencyusa.com\/pt\/wp-json\/wp\/v2\/types\/page"}],"author":[{"embeddable":true,"href":"https:\/\/baeagencyusa.com\/pt\/wp-json\/wp\/v2\/users\/69"}],"replies":[{"embeddable":true,"href":"https:\/\/baeagencyusa.com\/pt\/wp-json\/wp\/v2\/comments?post=7862"}],"version-history":[{"count":3,"href":"https:\/\/baeagencyusa.com\/pt\/wp-json\/wp\/v2\/pages\/7862\/revisions"}],"predecessor-version":[{"id":69799,"href":"https:\/\/baeagencyusa.com\/pt\/wp-json\/wp\/v2\/pages\/7862\/revisions\/69799"}],"wp:attachment":[{"href":"https:\/\/baeagencyusa.com\/pt\/wp-json\/wp\/v2\/media?parent=7862"}],"curies":[{"name":"wp","href":"https:\/\/api.w.org\/{rel}","templated":true}]}}