{"id":62304,"date":"2025-10-30T14:06:10","date_gmt":"2025-10-30T19:06:10","guid":{"rendered":"https:\/\/baeagencyusa.com\/?page_id=62304"},"modified":"2025-10-30T14:09:23","modified_gmt":"2025-10-30T19:09:23","slug":"brand-shoots-content-creation-ugc","status":"publish","type":"page","link":"https:\/\/baeagencyusa.com\/pt\/brand-shoots-content-creation-ugc\/","title":{"rendered":"BRAND SHOOTS, CONTENT CREATION &amp; UGC"},"content":{"rendered":"<div data-elementor-type=\"wp-page\" data-elementor-id=\"62304\" class=\"elementor elementor-62304\" data-elementor-post-type=\"page\">\n\t\t\t\t\t\t\t\t<div class=\"premium-shape-divider__shape-container\" id=\"premium-shape-divider-77af1fa\" style=\"visibility:hidden; position: absolute; opacity:0;\">\n\t\t\t\t\t<svg xmlns='http:\/\/www.w3.org\/2000\/svg' aria-hidden='true' viewbox='0 0 35.28 2.17' preserveaspectratio='none'><path d='M35.28 1.67c-3.07-.55-9.27.41-16.15 0-6.87-.4-13.74-.58-19.13.1v.4h35.28z' fill='%23fbd8c2'\/><path d='M35.28 1.16c-3.17-.8-7.3.4-10.04.56-2.76.17-9.25-1.47-12.68-1.3-3.42.16-4.64.84-7.04.86C3.12 1.31 0 .4 0 .4v1.77h35.28z' opacity='.5' fill='%23fbd8c2'\/><path d='M35.28.31c-2.57.84-7.68.3-11.8.43-4.1.12-6.85.61-9.57.28C11.18.69 8.3-.16 5.3.02 2.3.22.57.85 0 .87v1.2h35.28z' opacity='.5' fill='%23fbd8c2'\/><\/svg>\t\t\t\t<\/div>\n\t\t\t<div class=\"elementor-element elementor-element-77af1fa e-con-full premium-shape-divider-yes premium-shape20 e-flex premium-shape-divider__default premium-shape-divider-anime-yes premium-sh-no-stretch-yes e-con e-parent\" data-id=\"77af1fa\" data-element_type=\"container\" data-settings=\"{&quot;background_background&quot;:&quot;classic&quot;,&quot;jet_parallax_layout_list&quot;:[]}\">\n\t\t<div class=\"elementor-element elementor-element-332f84d e-con-full e-flex e-con e-child\" data-id=\"332f84d\" data-element_type=\"container\" data-settings=\"{&quot;jet_parallax_layout_list&quot;:[]}\">\n\t\t\t\t<div class=\"elementor-element elementor-element-8734d4d elementor-widget elementor-widget-heading\" data-id=\"8734d4d\" data-element_type=\"widget\" data-widget_type=\"heading.default\">\n\t\t\t\t<div class=\"elementor-widget-container\">\n\t\t\t\t\t<h2 class=\"elementor-heading-title elementor-size-default\">Marca Atira, com a Cria\u00e7\u00e3o de Conte\u00fado &amp; UGC<\/h2>\t\t\t\t<\/div>\n\t\t\t\t<\/div>\n\t\t\t\t<div class=\"elementor-element elementor-element-f3e906a elementor-widget elementor-widget-text-editor\" data-id=\"f3e906a\" data-element_type=\"widget\" data-widget_type=\"text-editor.default\">\n\t\t\t\t<div class=\"elementor-widget-container\">\n\t\t\t\t\t\t\t\t\t<p>Precisamos de modelos para uma campanha ou pessoas reais para relacion\u00e1veis conte\u00fado? Temos ambos. Trabalhamos com experientes na c\u00e2mera talento para v\u00eddeo e sess\u00f5es de fotos\u2014tudo, desde o estilo de vida comercial. Para marcas que buscam dimensionar o conte\u00fado r\u00e1pido, n\u00f3s tamb\u00e9m oferecemos criadores especializados na UGC (User-generated Content): natural, envolvente v\u00eddeos filmados a partir de casa ou no local, perfeito para a TikTok, movimentos cambaleantes, an\u00fancios pagos, e muito mais. N\u00f3s ajudamos elenco, breve, e oferecer conte\u00fado que se parece e se sente o verdadeiro\u2014porque \u00e9 o que converte.<\/p>\t\t\t\t\t\t\t\t<\/div>\n\t\t\t\t<\/div>\n\t\t\t\t<div class=\"elementor-element elementor-element-11880e1 elementor-align-center elementor-widget elementor-widget-button\" data-id=\"11880e1\" data-element_type=\"widget\" data-widget_type=\"button.default\">\n\t\t\t\t<div class=\"elementor-widget-container\">\n\t\t\t\t\t\t\t\t\t<div class=\"elementor-button-wrapper\">\n\t\t\t\t\t<a class=\"elementor-button elementor-button-link elementor-size-sm elementor-animation-pop\" href=\"\/pt\/contact-us-2\/\" target=\"_blank\">\n\t\t\t\t\t\t<span class=\"elementor-button-content-wrapper\">\n\t\t\t\t\t\t<span class=\"elementor-button-icon\">\n\t\t\t\t<svg aria-hidden=\"true\" class=\"e-font-icon-svg e-fab-wpforms\" viewbox=\"0 0 448 512\" xmlns=\"http:\/\/www.w3.org\/2000\/svg\"><path d=\"M448 75.2v361.7c0 24.3-19 43.2-43.2 43.2H43.2C19.3 480 0 461.4 0 436.8V75.2C0 51.1 18.8 32 43.2 32h361.7c24 0 43.1 18.8 43.1 43.2zm-37.3 361.6V75.2c0-3-2.6-5.8-5.8-5.8h-9.3L285.3 144 224 94.1 162.8 144 52.5 69.3h-9.3c-3.2 0-5.8 2.8-5.8 5.8v361.7c0 3 2.6 5.8 5.8 5.8h361.7c3.2.1 5.8-2.7 5.8-5.8zM150.2 186v37H76.7v-37h73.5zm0 74.4v37.3H76.7v-37.3h73.5zm11.1-147.3l54-43.7H96.8l64.5 43.7zm210 72.9v37h-196v-37h196zm0 74.4v37.3h-196v-37.3h196zm-84.6-147.3l64.5-43.7H232.8l53.9 43.7zM371.3 335v37.3h-99.4V335h99.4z\"><\/path><\/svg>\t\t\t<\/span>\n\t\t\t\t\t\t\t\t\t<span class=\"elementor-button-text\">Pedido de um PHOTOSHOOT-VIDEOSHOOT<\/span>\n\t\t\t\t\t<\/span>\n\t\t\t\t\t<\/a>\n\t\t\t\t<\/div>\n\t\t\t\t\t\t\t\t<\/div>\n\t\t\t\t<\/div>\n\t\t\t\t<\/div>\n\t\t<div class=\"elementor-element elementor-element-ccb38fb e-con-full e-flex e-con e-child\" data-id=\"ccb38fb\" data-element_type=\"container\" data-settings=\"{&quot;jet_parallax_layout_list&quot;:[]}\">\n\t\t\t\t<div class=\"elementor-element elementor-element-ae0a445 elementor-widget elementor-widget-image\" data-id=\"ae0a445\" data-element_type=\"widget\" data-widget_type=\"image.default\">\n\t\t\t\t<div class=\"elementor-widget-container\">\n\t\t\t\t\t\t\t\t\t\t\t\t\t\t\t<img decoding=\"async\" src=\"https:\/\/baeagencyusa.com\/wp-content\/uploads\/WhatsApp-Image-2024-05-23-at-11.40.05-AM-7.webp\" title=\"\" alt=\"\" loading=\"lazy\" \/>\t\t\t\t\t\t\t\t\t\t\t\t\t\t\t<\/div>\n\t\t\t\t<\/div>\n\t\t\t\t<\/div>\n\t\t\t\t<\/div>\n\t\t<div class=\"elementor-element elementor-element-2ef2f98 e-flex e-con-boxed e-con e-parent\" data-id=\"2ef2f98\" data-element_type=\"container\" data-settings=\"{&quot;background_background&quot;:&quot;classic&quot;,&quot;jet_parallax_layout_list&quot;:[]}\">\n\t\t\t\t\t<div class=\"e-con-inner\">\n\t\t<div class=\"elementor-element elementor-element-3e7f2fe e-con-full e-grid e-con e-child\" data-id=\"3e7f2fe\" data-element_type=\"container\" data-settings=\"{&quot;jet_parallax_layout_list&quot;:[]}\">\n\t\t\t\t<div class=\"elementor-element elementor-element-c67459b elementor-widget__width-initial elementor-widget elementor-widget-video\" data-id=\"c67459b\" data-element_type=\"widget\" data-settings=\"{&quot;show_image_overlay&quot;:&quot;yes&quot;,&quot;image_overlay&quot;:{&quot;url&quot;:&quot;&quot;,&quot;id&quot;:&quot;&quot;,&quot;size&quot;:&quot;&quot;,&quot;alt&quot;:&quot;&quot;,&quot;source&quot;:&quot;library&quot;},&quot;motion_fx_motion_fx_mouse&quot;:&quot;yes&quot;,&quot;_animation&quot;:&quot;none&quot;,&quot;video_type&quot;:&quot;hosted&quot;,&quot;controls&quot;:&quot;yes&quot;}\" data-widget_type=\"video.default\">\n\t\t\t\t<div class=\"elementor-widget-container\">\n\t\t\t\t\t\t\t<div class=\"e-hosted-video elementor-wrapper elementor-open-inline\">\n\t\t\t\t\t<video class=\"elementor-video\" src=\"https:\/\/baeagencyusa.com\/wp-content\/uploads\/video001.mp4\" controls=\"\" preload=\"metadata\" controlslist=\"nodownload\"><\/video>\n\t\t\t\t<\/div>\n\t\t\t\t\t\t<\/div>\n\t\t\t\t<\/div>\n\t\t\t\t<div class=\"elementor-element elementor-element-c872094 elementor-widget__width-initial elementor-widget elementor-widget-video\" data-id=\"c872094\" data-element_type=\"widget\" data-settings=\"{&quot;youtube_url&quot;:&quot;https:\\\/\\\/youtube.com\\\/embed\\\/WelxdDf9n4s&quot;,&quot;motion_fx_motion_fx_mouse&quot;:&quot;yes&quot;,&quot;_animation&quot;:&quot;none&quot;,&quot;video_type&quot;:&quot;youtube&quot;,&quot;controls&quot;:&quot;yes&quot;}\" data-widget_type=\"video.default\">\n\t\t\t\t<div class=\"elementor-widget-container\">\n\t\t\t\t\t\t\t<div class=\"elementor-wrapper elementor-open-inline\">\n\t\t\t<div class=\"elementor-video\"><\/div>\t\t<\/div>\n\t\t\t\t\t\t<\/div>\n\t\t\t\t<\/div>\n\t\t\t\t<div class=\"elementor-element elementor-element-2b3e218 elementor-widget__width-initial elementor-widget elementor-widget-video\" data-id=\"2b3e218\" data-element_type=\"widget\" data-settings=\"{&quot;youtube_url&quot;:&quot;https:\\\/\\\/youtube.com\\\/embed\\\/hftseckujgM&quot;,&quot;motion_fx_motion_fx_mouse&quot;:&quot;yes&quot;,&quot;_animation&quot;:&quot;none&quot;,&quot;video_type&quot;:&quot;youtube&quot;,&quot;controls&quot;:&quot;yes&quot;}\" data-widget_type=\"video.default\">\n\t\t\t\t<div class=\"elementor-widget-container\">\n\t\t\t\t\t\t\t<div class=\"elementor-wrapper elementor-open-inline\">\n\t\t\t<div class=\"elementor-video\"><\/div>\t\t<\/div>\n\t\t\t\t\t\t<\/div>\n\t\t\t\t<\/div>\n\t\t\t\t<div class=\"elementor-element elementor-element-ffa5d11 elementor-widget__width-initial elementor-widget elementor-widget-video\" data-id=\"ffa5d11\" data-element_type=\"widget\" data-settings=\"{&quot;youtube_url&quot;:&quot;https:\\\/\\\/youtube.com\\\/embed\\\/ljKtL0GAGF8&quot;,&quot;video_type&quot;:&quot;youtube&quot;,&quot;controls&quot;:&quot;yes&quot;}\" data-widget_type=\"video.default\">\n\t\t\t\t<div class=\"elementor-widget-container\">\n\t\t\t\t\t\t\t<div class=\"elementor-wrapper elementor-open-inline\">\n\t\t\t<div class=\"elementor-video\"><\/div>\t\t<\/div>\n\t\t\t\t\t\t<\/div>\n\t\t\t\t<\/div>\n\t\t\t\t<div class=\"elementor-element elementor-element-5999edb elementor-widget__width-initial elementor-widget elementor-widget-video\" data-id=\"5999edb\" data-element_type=\"widget\" data-settings=\"{&quot;youtube_url&quot;:&quot;https:\\\/\\\/youtube.com\\\/embed\\\/iIkrUu0ko9g&quot;,&quot;show_image_overlay&quot;:&quot;yes&quot;,&quot;image_overlay&quot;:{&quot;url&quot;:&quot;&quot;,&quot;id&quot;:&quot;&quot;,&quot;size&quot;:&quot;&quot;,&quot;alt&quot;:&quot;&quot;,&quot;source&quot;:&quot;library&quot;},&quot;motion_fx_motion_fx_mouse&quot;:&quot;yes&quot;,&quot;_animation&quot;:&quot;none&quot;,&quot;video_type&quot;:&quot;youtube&quot;,&quot;controls&quot;:&quot;yes&quot;}\" data-widget_type=\"video.default\">\n\t\t\t\t<div class=\"elementor-widget-container\">\n\t\t\t\t\t\t\t<div class=\"elementor-wrapper elementor-open-inline\">\n\t\t\t<div class=\"elementor-video\"><\/div>\t\t<\/div>\n\t\t\t\t\t\t<\/div>\n\t\t\t\t<\/div>\n\t\t\t\t<\/div>\n\t\t\t\t\t<\/div>\n\t\t\t\t<\/div>\n\t\t\t\t<\/div>","protected":false},"excerpt":{"rendered":"<p>Brand Shoots, Content Creation &#038; UGC Need models for a campaign or real people for relatable content? We\u2019ve got both. We work with experienced on-camera talent for video and photo shoots\u2014everything from lifestyle to commercial. For brands looking to scale content fast, we also offer creators who specialize in UGC (User-Generated Content): natural, engaging videos [&hellip;]<\/p>","protected":false},"author":928,"featured_media":0,"parent":0,"menu_order":0,"comment_status":"closed","ping_status":"closed","template":"","meta":{"_jf_save_progress":"","_jf_limit_responses":"","footnotes":""},"class_list":["post-62304","page","type-page","status-publish","hentry"],"_links":{"self":[{"href":"https:\/\/baeagencyusa.com\/pt\/wp-json\/wp\/v2\/pages\/62304","targetHints":{"allow":["GET"]}}],"collection":[{"href":"https:\/\/baeagencyusa.com\/pt\/wp-json\/wp\/v2\/pages"}],"about":[{"href":"https:\/\/baeagencyusa.com\/pt\/wp-json\/wp\/v2\/types\/page"}],"author":[{"embeddable":true,"href":"https:\/\/baeagencyusa.com\/pt\/wp-json\/wp\/v2\/users\/928"}],"replies":[{"embeddable":true,"href":"https:\/\/baeagencyusa.com\/pt\/wp-json\/wp\/v2\/comments?post=62304"}],"version-history":[{"count":7,"href":"https:\/\/baeagencyusa.com\/pt\/wp-json\/wp\/v2\/pages\/62304\/revisions"}],"predecessor-version":[{"id":62311,"href":"https:\/\/baeagencyusa.com\/pt\/wp-json\/wp\/v2\/pages\/62304\/revisions\/62311"}],"wp:attachment":[{"href":"https:\/\/baeagencyusa.com\/pt\/wp-json\/wp\/v2\/media?parent=62304"}],"curies":[{"name":"wp","href":"https:\/\/api.w.org\/{rel}","templated":true}]}}