{"id":62285,"date":"2025-10-30T11:44:34","date_gmt":"2025-10-30T16:44:34","guid":{"rendered":"https:\/\/baeagencyusa.com\/?page_id=62285"},"modified":"2025-10-31T13:02:49","modified_gmt":"2025-10-31T18:02:49","slug":"takeover-4","status":"publish","type":"page","link":"https:\/\/baeagencyusa.com\/pt\/takeover-4\/","title":{"rendered":"TAKEOVER"},"content":{"rendered":"<div data-elementor-type=\"wp-page\" data-elementor-id=\"62285\" class=\"elementor elementor-62285\" data-elementor-post-type=\"page\">\n\t\t\t\t<div class=\"elementor-element elementor-element-c7160dc e-con-full e-flex e-con e-parent\" data-id=\"c7160dc\" data-element_type=\"container\" data-settings=\"{&quot;background_background&quot;:&quot;classic&quot;,&quot;jet_parallax_layout_list&quot;:[]}\">\n\t\t<div class=\"elementor-element elementor-element-52dbc49 e-con-full e-flex e-con e-child\" data-id=\"52dbc49\" data-element_type=\"container\" data-settings=\"{&quot;jet_parallax_layout_list&quot;:[]}\">\n\t\t\t\t<div class=\"elementor-element elementor-element-ecd9733 elementor-widget__width-inherit elementor-widget elementor-widget-heading\" data-id=\"ecd9733\" data-element_type=\"widget\" data-widget_type=\"heading.default\">\n\t\t\t\t<div class=\"elementor-widget-container\">\n\t\t\t\t\t<h2 class=\"elementor-heading-title elementor-size-default\">TAKEOVER<\/h2>\t\t\t\t<\/div>\n\t\t\t\t<\/div>\n\t\t\t\t<div class=\"elementor-element elementor-element-31afe8c elementor-widget elementor-widget-text-editor\" data-id=\"31afe8c\" data-element_type=\"widget\" data-widget_type=\"text-editor.default\">\n\t\t\t\t<div class=\"elementor-widget-container\">\n\t\t\t\t\t\t\t\t\t<p>We provide sales-focused talent with the skills and experience to engage walk-in customers, drive conversions, and ensure every interaction leaves a lasting, positive impression. Whether you&#8217;re hosting an event, running a retail activation, or promoting a new service, our team knows how to connect with people in a way that feels natural and impactful. Their goal is to turn casual interest into meaningful engagement, helping your brand stand out and deliver results.<\/p>\t\t\t\t\t\t\t\t<\/div>\n\t\t\t\t<\/div>\n\t\t\t\t<div class=\"elementor-element elementor-element-a904820 elementor-align-center elementor-widget elementor-widget-button\" data-id=\"a904820\" data-element_type=\"widget\" data-widget_type=\"button.default\">\n\t\t\t\t<div class=\"elementor-widget-container\">\n\t\t\t\t\t\t\t\t\t<div class=\"elementor-button-wrapper\">\n\t\t\t\t\t<a class=\"elementor-button elementor-button-link elementor-size-sm elementor-animation-pop\" href=\"\/pt\/contact-us-2\/\" target=\"_blank\">\n\t\t\t\t\t\t<span class=\"elementor-button-content-wrapper\">\n\t\t\t\t\t\t<span class=\"elementor-button-icon\">\n\t\t\t\t<svg aria-hidden=\"true\" class=\"e-font-icon-svg e-fab-wpforms\" viewbox=\"0 0 448 512\" xmlns=\"http:\/\/www.w3.org\/2000\/svg\"><path d=\"M448 75.2v361.7c0 24.3-19 43.2-43.2 43.2H43.2C19.3 480 0 461.4 0 436.8V75.2C0 51.1 18.8 32 43.2 32h361.7c24 0 43.1 18.8 43.1 43.2zm-37.3 361.6V75.2c0-3-2.6-5.8-5.8-5.8h-9.3L285.3 144 224 94.1 162.8 144 52.5 69.3h-9.3c-3.2 0-5.8 2.8-5.8 5.8v361.7c0 3 2.6 5.8 5.8 5.8h361.7c3.2.1 5.8-2.7 5.8-5.8zM150.2 186v37H76.7v-37h73.5zm0 74.4v37.3H76.7v-37.3h73.5zm11.1-147.3l54-43.7H96.8l64.5 43.7zm210 72.9v37h-196v-37h196zm0 74.4v37.3h-196v-37.3h196zm-84.6-147.3l64.5-43.7H232.8l53.9 43.7zM371.3 335v37.3h-99.4V335h99.4z\"><\/path><\/svg>\t\t\t<\/span>\n\t\t\t\t\t\t\t\t\t<span class=\"elementor-button-text\">Solicita\u00e7\u00e3o de uma oferta p\u00fablica de AQUISI\u00c7\u00c3O<\/span>\n\t\t\t\t\t<\/span>\n\t\t\t\t\t<\/a>\n\t\t\t\t<\/div>\n\t\t\t\t\t\t\t\t<\/div>\n\t\t\t\t<\/div>\n\t\t\t\t<\/div>\n\t\t<div class=\"elementor-element elementor-element-6263923 e-con-full e-flex e-con e-child\" data-id=\"6263923\" data-element_type=\"container\" data-settings=\"{&quot;jet_parallax_layout_list&quot;:[]}\">\n\t\t\t\t<div class=\"elementor-element elementor-element-d25a97d elementor-widget elementor-widget-image\" data-id=\"d25a97d\" data-element_type=\"widget\" data-widget_type=\"image.default\">\n\t\t\t\t<div class=\"elementor-widget-container\">\n\t\t\t\t\t\t\t\t\t\t\t\t\t\t\t<img fetchpriority=\"high\" decoding=\"async\" width=\"401\" height=\"500\" src=\"https:\/\/baeagencyusa.com\/wp-content\/uploads\/3b962769-2326-459d-b5bc-39d0d0574181-401x500.jpg\" class=\"attachment-thumbnail size-thumbnail wp-image-54112\" alt=\"\" srcset=\"https:\/\/baeagencyusa.com\/wp-content\/uploads\/3b962769-2326-459d-b5bc-39d0d0574181-401x500.jpg 401w, https:\/\/baeagencyusa.com\/wp-content\/uploads\/3b962769-2326-459d-b5bc-39d0d0574181-241x300.jpg 241w, https:\/\/baeagencyusa.com\/wp-content\/uploads\/3b962769-2326-459d-b5bc-39d0d0574181-822x1024.jpg 822w, https:\/\/baeagencyusa.com\/wp-content\/uploads\/3b962769-2326-459d-b5bc-39d0d0574181-768x957.jpg 768w, https:\/\/baeagencyusa.com\/wp-content\/uploads\/3b962769-2326-459d-b5bc-39d0d0574181-1233x1536.jpg 1233w, https:\/\/baeagencyusa.com\/wp-content\/uploads\/3b962769-2326-459d-b5bc-39d0d0574181.jpg 1644w\" sizes=\"(max-width: 401px) 100vw, 401px\" \/>\t\t\t\t\t\t\t\t\t\t\t\t\t\t\t<\/div>\n\t\t\t\t<\/div>\n\t\t\t\t<\/div>\n\t\t\t\t<\/div>\n\t\t<div class=\"elementor-element elementor-element-f884e7e e-con-full e-flex e-con e-parent\" data-id=\"f884e7e\" data-element_type=\"container\" data-settings=\"{&quot;background_background&quot;:&quot;classic&quot;,&quot;jet_parallax_layout_list&quot;:[]}\">\n\t\t<div class=\"elementor-element elementor-element-f4b58ec e-con-full e-flex e-con e-child\" data-id=\"f4b58ec\" data-element_type=\"container\" data-settings=\"{&quot;jet_parallax_layout_list&quot;:[]}\">\n\t\t\t\t<div class=\"elementor-element elementor-element-24e92ee elementor-widget elementor-widget-image\" data-id=\"24e92ee\" data-element_type=\"widget\" data-widget_type=\"image.default\">\n\t\t\t\t<div class=\"elementor-widget-container\">\n\t\t\t\t\t\t\t\t\t\t\t\t\t\t\t<img decoding=\"async\" width=\"375\" height=\"500\" src=\"https:\/\/baeagencyusa.com\/wp-content\/uploads\/WhatsApp-Image-2025-10-31-at-12.00.24-1-375x500.jpeg\" class=\"attachment-thumbnail size-thumbnail wp-image-62418\" alt=\"\" srcset=\"https:\/\/baeagencyusa.com\/wp-content\/uploads\/WhatsApp-Image-2025-10-31-at-12.00.24-1-375x500.jpeg 375w, https:\/\/baeagencyusa.com\/wp-content\/uploads\/WhatsApp-Image-2025-10-31-at-12.00.24-1-225x300.jpeg 225w, https:\/\/baeagencyusa.com\/wp-content\/uploads\/WhatsApp-Image-2025-10-31-at-12.00.24-1-768x1024.jpeg 768w, https:\/\/baeagencyusa.com\/wp-content\/uploads\/WhatsApp-Image-2025-10-31-at-12.00.24-1-1152x1536.jpeg 1152w, https:\/\/baeagencyusa.com\/wp-content\/uploads\/WhatsApp-Image-2025-10-31-at-12.00.24-1-9x12.jpeg 9w, https:\/\/baeagencyusa.com\/wp-content\/uploads\/WhatsApp-Image-2025-10-31-at-12.00.24-1.jpeg 1200w\" sizes=\"(max-width: 375px) 100vw, 375px\" \/>\t\t\t\t\t\t\t\t\t\t\t\t\t\t\t<\/div>\n\t\t\t\t<\/div>\n\t\t\t\t<\/div>\n\t\t<div class=\"elementor-element elementor-element-82d0ba4 e-con-full e-flex e-con e-child\" data-id=\"82d0ba4\" data-element_type=\"container\" data-settings=\"{&quot;jet_parallax_layout_list&quot;:[]}\">\n\t\t\t\t<div class=\"elementor-element elementor-element-5990d32 elementor-widget elementor-widget-text-editor\" data-id=\"5990d32\" data-element_type=\"widget\" data-widget_type=\"text-editor.default\">\n\t\t\t\t<div class=\"elementor-widget-container\">\n\t\t\t\t\t\t\t\t\t<p>Depending on your needs, we can supply promotional models, brand ambassadors, and sales representatives who bring energy, professionalism, and personality to every encounter. From greeting guests to guiding purchases, they help create an environment that\u2019s both fun and effective\u2014one that encourages participation and builds brand loyalty. With the right team in place, your activation becomes more than just a moment\u2014it becomes a memorable experience.<\/p>\t\t\t\t\t\t\t\t<\/div>\n\t\t\t\t<\/div>\n\t\t\t\t<div class=\"elementor-element elementor-element-bec90ae elementor-align-center elementor-widget elementor-widget-button\" data-id=\"bec90ae\" data-element_type=\"widget\" data-widget_type=\"button.default\">\n\t\t\t\t<div class=\"elementor-widget-container\">\n\t\t\t\t\t\t\t\t\t<div class=\"elementor-button-wrapper\">\n\t\t\t\t\t<a class=\"elementor-button elementor-button-link elementor-size-sm elementor-animation-pop\" href=\"\/pt\/contact-us-2\/\" target=\"_blank\">\n\t\t\t\t\t\t<span class=\"elementor-button-content-wrapper\">\n\t\t\t\t\t\t<span class=\"elementor-button-icon\">\n\t\t\t\t<svg aria-hidden=\"true\" class=\"e-font-icon-svg e-fab-wpforms\" viewbox=\"0 0 448 512\" xmlns=\"http:\/\/www.w3.org\/2000\/svg\"><path d=\"M448 75.2v361.7c0 24.3-19 43.2-43.2 43.2H43.2C19.3 480 0 461.4 0 436.8V75.2C0 51.1 18.8 32 43.2 32h361.7c24 0 43.1 18.8 43.1 43.2zm-37.3 361.6V75.2c0-3-2.6-5.8-5.8-5.8h-9.3L285.3 144 224 94.1 162.8 144 52.5 69.3h-9.3c-3.2 0-5.8 2.8-5.8 5.8v361.7c0 3 2.6 5.8 5.8 5.8h361.7c3.2.1 5.8-2.7 5.8-5.8zM150.2 186v37H76.7v-37h73.5zm0 74.4v37.3H76.7v-37.3h73.5zm11.1-147.3l54-43.7H96.8l64.5 43.7zm210 72.9v37h-196v-37h196zm0 74.4v37.3h-196v-37.3h196zm-84.6-147.3l64.5-43.7H232.8l53.9 43.7zM371.3 335v37.3h-99.4V335h99.4z\"><\/path><\/svg>\t\t\t<\/span>\n\t\t\t\t\t\t\t\t\t<span class=\"elementor-button-text\">Solicita\u00e7\u00e3o de uma oferta p\u00fablica de AQUISI\u00c7\u00c3O<\/span>\n\t\t\t\t\t<\/span>\n\t\t\t\t\t<\/a>\n\t\t\t\t<\/div>\n\t\t\t\t\t\t\t\t<\/div>\n\t\t\t\t<\/div>\n\t\t\t\t<\/div>\n\t\t\t\t<\/div>\n\t\t\t\t<\/div>","protected":false},"excerpt":{"rendered":"<p>TAKEOVER We provide sales-focused talent with the skills and experience to engage walk-in customers, drive conversions, and ensure every interaction leaves a lasting, positive impression. Whether you&#8217;re hosting an event, running a retail activation, or promoting a new service, our team knows how to connect with people in a way that feels natural and impactful. [&hellip;]<\/p>","protected":false},"author":928,"featured_media":0,"parent":0,"menu_order":0,"comment_status":"closed","ping_status":"closed","template":"","meta":{"_jf_save_progress":"","_jf_limit_responses":"","footnotes":""},"class_list":["post-62285","page","type-page","status-publish","hentry"],"_links":{"self":[{"href":"https:\/\/baeagencyusa.com\/pt\/wp-json\/wp\/v2\/pages\/62285","targetHints":{"allow":["GET"]}}],"collection":[{"href":"https:\/\/baeagencyusa.com\/pt\/wp-json\/wp\/v2\/pages"}],"about":[{"href":"https:\/\/baeagencyusa.com\/pt\/wp-json\/wp\/v2\/types\/page"}],"author":[{"embeddable":true,"href":"https:\/\/baeagencyusa.com\/pt\/wp-json\/wp\/v2\/users\/928"}],"replies":[{"embeddable":true,"href":"https:\/\/baeagencyusa.com\/pt\/wp-json\/wp\/v2\/comments?post=62285"}],"version-history":[{"count":8,"href":"https:\/\/baeagencyusa.com\/pt\/wp-json\/wp\/v2\/pages\/62285\/revisions"}],"predecessor-version":[{"id":62426,"href":"https:\/\/baeagencyusa.com\/pt\/wp-json\/wp\/v2\/pages\/62285\/revisions\/62426"}],"wp:attachment":[{"href":"https:\/\/baeagencyusa.com\/pt\/wp-json\/wp\/v2\/media?parent=62285"}],"curies":[{"name":"wp","href":"https:\/\/api.w.org\/{rel}","templated":true}]}}