{"id":51547,"date":"2025-07-05T17:05:46","date_gmt":"2025-07-05T22:05:46","guid":{"rendered":"https:\/\/baeagencyusa.com\/?page_id=51547"},"modified":"2025-11-25T17:39:47","modified_gmt":"2025-11-25T22:39:47","slug":"who-we-are","status":"publish","type":"page","link":"https:\/\/baeagencyusa.com\/pt\/who-we-are\/","title":{"rendered":"Who We are"},"content":{"rendered":"<div data-elementor-type=\"wp-page\" data-elementor-id=\"51547\" class=\"elementor elementor-51547\" data-elementor-post-type=\"page\">\n\t\t\t\t<div class=\"elementor-element elementor-element-725e1c8 e-flex e-con-boxed e-con e-parent\" data-id=\"725e1c8\" data-element_type=\"container\" data-settings=\"{&quot;background_background&quot;:&quot;classic&quot;,&quot;jet_parallax_layout_list&quot;:[]}\">\n\t\t\t\t\t<div class=\"e-con-inner\">\n\t\t<div class=\"elementor-element elementor-element-22e12a9 e-con-full e-flex e-con e-child\" data-id=\"22e12a9\" data-element_type=\"container\" data-settings=\"{&quot;jet_parallax_layout_list&quot;:[]}\">\n\t\t\t\t<div class=\"elementor-element elementor-element-e312a8f elementor-widget elementor-widget-heading\" data-id=\"e312a8f\" data-element_type=\"widget\" data-widget_type=\"heading.default\">\n\t\t\t\t<div class=\"elementor-widget-container\">\n\t\t\t\t\t<h2 class=\"elementor-heading-title elementor-size-default\">QUEM SOMOS<\/h2>\t\t\t\t<\/div>\n\t\t\t\t<\/div>\n\t\t\t\t<div class=\"elementor-element elementor-element-59a9df7 elementor-widget__width-initial elementor-widget elementor-widget-text-editor\" data-id=\"59a9df7\" data-element_type=\"widget\" data-widget_type=\"text-editor.default\">\n\t\t\t\t<div class=\"elementor-widget-container\">\n\t\t\t\t\t\t\t\t\t<p class=\"p1\">BAE \u00c9 UMA AG\u00caNCIA DE SERVI\u00c7O COMPLETO E DE PESSOAL DE AG\u00caNCIA DE MEIOS OPERACIONAIS NOS ESTADOS UNIDOS E EM TODO O MUNDO.<\/p>\t\t\t\t\t\t\t\t<\/div>\n\t\t\t\t<\/div>\n\t\t\t\t<div class=\"elementor-element elementor-element-4a0f455 elementor-widget__width-initial elementor-widget elementor-widget-text-editor\" data-id=\"4a0f455\" data-element_type=\"widget\" data-widget_type=\"text-editor.default\">\n\t\t\t\t<div class=\"elementor-widget-container\">\n\t\t\t\t\t\t\t\t\t<p class=\"p1\">N\u00d3S FORNECEMOS <strong>MODELOS, ARTISTAS, EQUIPE DE EVENTOS, PRODU\u00c7\u00c3O DE V\u00cdDEO, DESENVOLVIMENTO DE SITE, MARKETING E APOIO A EVENTOS E CAMPANHAS DE MARCA.<\/strong><\/p>\t\t\t\t\t\t\t\t<\/div>\n\t\t\t\t<\/div>\n\t\t\t\t<\/div>\n\t\t<div class=\"elementor-element elementor-element-69ee15d e-con-full e-flex e-con e-child\" data-id=\"69ee15d\" data-element_type=\"container\" data-settings=\"{&quot;background_background&quot;:&quot;slideshow&quot;,&quot;jet_parallax_layout_list&quot;:[],&quot;background_slideshow_gallery&quot;:[],&quot;background_slideshow_loop&quot;:&quot;yes&quot;,&quot;background_slideshow_slide_duration&quot;:5000,&quot;background_slideshow_slide_transition&quot;:&quot;fade&quot;,&quot;background_slideshow_transition_duration&quot;:500}\">\n\t\t\t\t<div class=\"elementor-element elementor-element-f68d811 elementor-widget elementor-widget-image\" data-id=\"f68d811\" data-element_type=\"widget\" data-widget_type=\"image.default\">\n\t\t\t\t<div class=\"elementor-widget-container\">\n\t\t\t\t\t\t\t\t\t\t\t\t\t\t\t<img decoding=\"async\" src=\"https:\/\/baeagencyusa.com\/wp-content\/uploads\/elementor\/thumbs\/Captura-de-pantalla-2025-07-05-a-las-4.15.42\u202fp.m-rajlvivmc2hjagcip1zuk8xv6psa4tkkqc82r1es9s.png\" title=\"Captura de pantalla 2025-07-05 la(s) 4.15.42 pm\" alt=\"Captura de pantalla 2025-07-05 a la(s) 4.15.42\u202fp.m.\" loading=\"lazy\" \/>\t\t\t\t\t\t\t\t\t\t\t\t\t\t\t<\/div>\n\t\t\t\t<\/div>\n\t\t\t\t<\/div>\n\t\t\t\t\t<\/div>\n\t\t\t\t<\/div>\n\t\t<div class=\"elementor-element elementor-element-bc56d26 e-flex e-con-boxed e-con e-parent\" data-id=\"bc56d26\" data-element_type=\"container\" data-settings=\"{&quot;background_background&quot;:&quot;classic&quot;,&quot;jet_parallax_layout_list&quot;:[]}\">\n\t\t\t\t\t<div class=\"e-con-inner\">\n\t\t<div class=\"elementor-element elementor-element-08be954 e-con-full e-flex e-con e-child\" data-id=\"08be954\" data-element_type=\"container\" data-settings=\"{&quot;background_background&quot;:&quot;slideshow&quot;,&quot;jet_parallax_layout_list&quot;:[],&quot;background_slideshow_gallery&quot;:[],&quot;background_slideshow_loop&quot;:&quot;yes&quot;,&quot;background_slideshow_slide_duration&quot;:5000,&quot;background_slideshow_slide_transition&quot;:&quot;fade&quot;,&quot;background_slideshow_transition_duration&quot;:500}\">\n\t\t\t\t<div class=\"elementor-element elementor-element-1f83428 elementor-widget__width-initial elementor-align-center elementor-widget elementor-widget-lottie\" data-id=\"1f83428\" data-element_type=\"widget\" data-settings=\"{&quot;source_json&quot;:{&quot;url&quot;:&quot;https:\\\/\\\/baeagencyusa.com\\\/wp-content\\\/uploads\\\/Animation-1751756741494.json&quot;,&quot;id&quot;:51645,&quot;size&quot;:&quot;&quot;,&quot;alt&quot;:&quot;&quot;,&quot;source&quot;:&quot;library&quot;},&quot;trigger&quot;:&quot;bind_to_scroll&quot;,&quot;viewport&quot;:{&quot;unit&quot;:&quot;%&quot;,&quot;size&quot;:&quot;&quot;,&quot;sizes&quot;:{&quot;start&quot;:0,&quot;end&quot;:51}},&quot;source&quot;:&quot;media_file&quot;,&quot;caption_source&quot;:&quot;none&quot;,&quot;link_to&quot;:&quot;none&quot;,&quot;effects_relative_to&quot;:&quot;viewport&quot;,&quot;start_point&quot;:{&quot;unit&quot;:&quot;%&quot;,&quot;size&quot;:0,&quot;sizes&quot;:[]},&quot;end_point&quot;:{&quot;unit&quot;:&quot;%&quot;,&quot;size&quot;:100,&quot;sizes&quot;:[]},&quot;renderer&quot;:&quot;svg&quot;}\" data-widget_type=\"lottie.default\">\n\t\t\t\t<div class=\"elementor-widget-container\">\n\t\t\t\t\t<div class=\"e-lottie__container\"><div class=\"e-lottie__animation\"><\/div><\/div>\t\t\t\t<\/div>\n\t\t\t\t<\/div>\n\t\t\t\t<\/div>\n\t\t<div class=\"elementor-element elementor-element-2e81164 e-con-full e-flex e-con e-child\" data-id=\"2e81164\" data-element_type=\"container\" data-settings=\"{&quot;jet_parallax_layout_list&quot;:[]}\">\n\t\t\t\t<div class=\"elementor-element elementor-element-e92efba elementor-widget elementor-widget-text-editor\" data-id=\"e92efba\" data-element_type=\"widget\" data-widget_type=\"text-editor.default\">\n\t\t\t\t<div class=\"elementor-widget-container\">\n\t\t\t\t\t\t\t\t\t<p class=\"p1\">A NOSSA AG\u00caNCIA EST\u00c1 A CRESCER RAPIDAMENTE, E N\u00d3S ESTAMOS APENAS COME\u00c7ANDO.<\/p>\t\t\t\t\t\t\t\t<\/div>\n\t\t\t\t<\/div>\n\t\t\t\t<div class=\"elementor-element elementor-element-e5d905a elementor-widget elementor-widget-text-editor\" data-id=\"e5d905a\" data-element_type=\"widget\" data-widget_type=\"text-editor.default\">\n\t\t\t\t<div class=\"elementor-widget-container\">\n\t\t\t\t\t\t\t\t\t<p class=\"p1\">DESDE 2022 ESTIVEMOS PRESENTES EM MAIS DE <strong>De 100 CIDADES<\/strong> NOS EUA E EM PA\u00cdSES COMO A <strong>EGITO, EMIRADOS \u00c1RABES UNIDOS, INGLATERRA, ESPANHA, BAHAMAS, BRASIL, PARAGUAI, COL\u00d4MBIA, VENEZUELA E M\u00c9XICO.<\/strong><\/p>\t\t\t\t\t\t\t\t<\/div>\n\t\t\t\t<\/div>\n\t\t\t\t<\/div>\n\t\t\t\t\t<\/div>\n\t\t\t\t<\/div>\n\t\t<div class=\"elementor-element elementor-element-567b4ad e-flex e-con-boxed e-con e-parent\" data-id=\"567b4ad\" data-element_type=\"container\" data-settings=\"{&quot;background_background&quot;:&quot;classic&quot;,&quot;jet_parallax_layout_list&quot;:[]}\">\n\t\t\t\t\t<div class=\"e-con-inner\">\n\t\t<div class=\"elementor-element elementor-element-e479781 e-con-full e-flex e-con e-child\" data-id=\"e479781\" data-element_type=\"container\" data-settings=\"{&quot;background_background&quot;:&quot;slideshow&quot;,&quot;jet_parallax_layout_list&quot;:[],&quot;background_slideshow_gallery&quot;:[],&quot;background_slideshow_loop&quot;:&quot;yes&quot;,&quot;background_slideshow_slide_duration&quot;:5000,&quot;background_slideshow_slide_transition&quot;:&quot;fade&quot;,&quot;background_slideshow_transition_duration&quot;:500}\">\n\t\t\t\t<div class=\"elementor-element elementor-element-a71a044 elementor-widget elementor-widget-image\" data-id=\"a71a044\" data-element_type=\"widget\" data-widget_type=\"image.default\">\n\t\t\t\t<div class=\"elementor-widget-container\">\n\t\t\t\t\t\t\t\t\t\t\t\t\t\t\t<img decoding=\"async\" src=\"https:\/\/baeagencyusa.com\/wp-content\/uploads\/elementor\/thumbs\/Captura-de-pantalla-2025-07-05-a-las-5.48.19\u202fp.m-rajlvrc5fnewdxxd477wmndu0iirq7watlsuzttmp8.png\" title=\"Captura de pantalla 2025-07-05 la(s) 5.48.19 pm\" alt=\"Captura de pantalla 2025-07-05 a la(s) 5.48.19\u202fp.m.\" loading=\"lazy\" \/>\t\t\t\t\t\t\t\t\t\t\t\t\t\t\t<\/div>\n\t\t\t\t<\/div>\n\t\t\t\t<\/div>\n\t\t<div class=\"elementor-element elementor-element-f37d7eb e-con-full e-flex e-con e-child\" data-id=\"f37d7eb\" data-element_type=\"container\" data-settings=\"{&quot;jet_parallax_layout_list&quot;:[]}\">\n\t\t\t\t<div class=\"elementor-element elementor-element-ee50c09 elementor-widget elementor-widget-heading\" data-id=\"ee50c09\" data-element_type=\"widget\" data-widget_type=\"heading.default\">\n\t\t\t\t<div class=\"elementor-widget-container\">\n\t\t\t\t\t<h2 class=\"elementor-heading-title elementor-size-default\">POR BAE<\/h2>\t\t\t\t<\/div>\n\t\t\t\t<\/div>\n\t\t\t\t<div class=\"elementor-element elementor-element-8fb3372 elementor-widget__width-initial elementor-widget elementor-widget-text-editor\" data-id=\"8fb3372\" data-element_type=\"widget\" data-widget_type=\"text-editor.default\">\n\t\t\t\t<div class=\"elementor-widget-container\">\n\t\t\t\t\t\t\t\t\t<p class=\"p1\">SOMOS UMA LICEN\u00c7A PROFISSIONAL DE AG\u00caNCIA DE RECURSOS HUMANOS COM UMA REDE DE MAIS DE 1.000 EXPERIENTES MODELOS NOS EUA N\u00d3S FORNECER R\u00c1PIDA E CONFI\u00c1VEL AS RESPOSTAS, E NOSSA EQUIPE EST\u00c1 SEMPRE DISPON\u00cdVEL PARA APOIAR AS SUAS NECESSIDADES DE NEG\u00d3CIO.<\/p>\t\t\t\t\t\t\t\t<\/div>\n\t\t\t\t<\/div>\n\t\t\t\t<div class=\"elementor-element elementor-element-6595980 elementor-widget__width-initial elementor-widget elementor-widget-text-editor\" data-id=\"6595980\" data-element_type=\"widget\" data-widget_type=\"text-editor.default\">\n\t\t\t\t<div class=\"elementor-widget-container\">\n\t\t\t\t\t\t\t\t\t<p class=\"p1\">N\u00d3S OFERECEMOS COBERTURA DE TODO O PA\u00cdS, COM MODELOS NAS GRANDES CIDADES, DE COSTA A COSTA, E N\u00d3S ESPECIALIZAMO-NOS EM ALTA-ENERGIA DE ATIVA\u00c7\u00c3O, EVENTOS DE LUXO, A MARCA LAN\u00c7A, CONCERTOS, EXPOSI\u00c7\u00d5ES, ATMOSPHERING, E MUITO MAIS. A PARTIR DE TALENTO PARA LOG\u00cdSTICA, N\u00d3S TEMOS QUE COBERTAS.<\/p>\t\t\t\t\t\t\t\t<\/div>\n\t\t\t\t<\/div>\n\t\t\t\t<\/div>\n\t\t\t\t\t<\/div>\n\t\t\t\t<\/div>\n\t\t<div class=\"elementor-element elementor-element-0562d52 e-flex e-con-boxed e-con e-parent\" data-id=\"0562d52\" data-element_type=\"container\" data-settings=\"{&quot;background_background&quot;:&quot;classic&quot;,&quot;jet_parallax_layout_list&quot;:[]}\">\n\t\t\t\t\t<div class=\"e-con-inner\">\n\t\t<div class=\"elementor-element elementor-element-64090ad e-flex e-con-boxed e-con e-child\" data-id=\"64090ad\" data-element_type=\"container\" data-settings=\"{&quot;background_background&quot;:&quot;classic&quot;,&quot;jet_parallax_layout_list&quot;:[]}\">\n\t\t\t\t\t<div class=\"e-con-inner\">\n\t\t\t\t<div class=\"elementor-element elementor-element-92fbd2e elementor-widget__width-initial elementor-widget elementor-widget-heading\" data-id=\"92fbd2e\" data-element_type=\"widget\" data-widget_type=\"heading.default\">\n\t\t\t\t<div class=\"elementor-widget-container\">\n\t\t\t\t\t<h2 class=\"elementor-heading-title elementor-size-default\">Bianka Abade<\/h2>\t\t\t\t<\/div>\n\t\t\t\t<\/div>\n\t\t\t\t<div class=\"elementor-element elementor-element-e01c4c2 elementor-widget__width-initial elementor-widget elementor-widget-heading\" data-id=\"e01c4c2\" data-element_type=\"widget\" data-widget_type=\"heading.default\">\n\t\t\t\t<div class=\"elementor-widget-container\">\n\t\t\t\t\t<h2 class=\"elementor-heading-title elementor-size-default\">Fundador da BAE Ag\u00eancia.<\/h2>\t\t\t\t<\/div>\n\t\t\t\t<\/div>\n\t\t\t\t<div class=\"elementor-element elementor-element-fb25f49 elementor-widget-divider--view-line elementor-widget elementor-widget-divider\" data-id=\"fb25f49\" data-element_type=\"widget\" data-widget_type=\"divider.default\">\n\t\t\t\t<div class=\"elementor-widget-container\">\n\t\t\t\t\t\t\t<div class=\"elementor-divider\">\n\t\t\t<span class=\"elementor-divider-separator\">\n\t\t\t\t\t\t<\/span>\n\t\t<\/div>\n\t\t\t\t\t\t<\/div>\n\t\t\t\t<\/div>\n\t\t\t\t\t<\/div>\n\t\t\t\t<\/div>\n\t\t<div class=\"elementor-element elementor-element-6f00dad e-con-full e-flex e-con e-child\" data-id=\"6f00dad\" data-element_type=\"container\" data-settings=\"{&quot;jet_parallax_layout_list&quot;:[]}\">\n\t\t<div class=\"elementor-element elementor-element-56ee5cf e-con-full e-flex e-con e-child\" data-id=\"56ee5cf\" data-element_type=\"container\" data-settings=\"{&quot;jet_parallax_layout_list&quot;:[]}\">\n\t\t\t\t<div class=\"elementor-element elementor-element-2ef3309 elementor-widget-tablet__width-initial elementor-widget elementor-widget-text-editor\" data-id=\"2ef3309\" data-element_type=\"widget\" data-widget_type=\"text-editor.default\">\n\t\t\t\t<div class=\"elementor-widget-container\">\n\t\t\t\t\t\t\t\t\t<p>Sonhador, empreendedor, e <strong>o rosto por tr\u00e1s da Bae Ag\u00eancia<\/strong> \u2013 modelagem de vida e fabricar sonhos. O brilho de Las Vegas para o comando da Bae Ag\u00eancia \u2013 Bianka de viagem \u00e9 uma hist\u00f3ria de ambi\u00e7\u00e3o e de camaradagem. Uma vez um destaque modelo em alta demanda, ela viu uma imagem maior. Bianka a vis\u00e3o se estende para al\u00e9m do indiv\u00edduo triunfos, ela aspira a fazer Bae Ag\u00eancia do pa\u00eds acima de tudo. <strong>Uma hist\u00f3ria de capacita\u00e7\u00e3o e de sonhos<\/strong> concretizando-se em um vibrante realidade.<\/p>\t\t\t\t\t\t\t\t<\/div>\n\t\t\t\t<\/div>\n\t\t\t\t<\/div>\n\t\t<div class=\"elementor-element elementor-element-4116f5b e-con-full e-flex e-con e-child\" data-id=\"4116f5b\" data-element_type=\"container\" data-settings=\"{&quot;jet_parallax_layout_list&quot;:[]}\">\n\t\t\t\t<div class=\"elementor-element elementor-element-68ed48a elementor-widget__width-initial elementor-widget-tablet__width-initial elementor-widget-mobile__width-initial elementor-widget elementor-widget-image\" data-id=\"68ed48a\" data-element_type=\"widget\" data-widget_type=\"image.default\">\n\t\t\t\t<div class=\"elementor-widget-container\">\n\t\t\t\t\t\t\t\t\t\t\t\t\t\t\t<img fetchpriority=\"high\" decoding=\"async\" width=\"1021\" height=\"1021\" src=\"https:\/\/baeagencyusa.com\/wp-content\/uploads\/baeagency_0009-1.png\" class=\"attachment-full size-full wp-image-40707\" alt=\"\" srcset=\"https:\/\/baeagencyusa.com\/wp-content\/uploads\/baeagency_0009-1.png 1021w, https:\/\/baeagencyusa.com\/wp-content\/uploads\/baeagency_0009-1-300x300.png 300w, https:\/\/baeagencyusa.com\/wp-content\/uploads\/baeagency_0009-1-500x500.png 500w, https:\/\/baeagencyusa.com\/wp-content\/uploads\/baeagency_0009-1-768x768.png 768w\" sizes=\"(max-width: 1021px) 100vw, 1021px\" \/>\t\t\t\t\t\t\t\t\t\t\t\t\t\t\t<\/div>\n\t\t\t\t<\/div>\n\t\t\t\t<\/div>\n\t\t\t\t<\/div>\n\t\t\t\t\t<\/div>\n\t\t\t\t<\/div>\n\t\t\t\t<\/div>","protected":false},"excerpt":{"rendered":"<p>WHO WE ARE BAE AGENCY IS A FULL-SERVICE STAFFING AND MEDIA AGENCY OPERATING ACROSS THE UNITED STATES AND WORLDWIDE. WE PROVIDE MODELS, ENTERTAINERS, EVENT STAFF, VIDEO PRODUCTION, WEBSITE DEVELOPMENT, AND MARKETING SUPPORT FOR EVENTS AND BRAND CAMPAIGNS. OUR AGENCY IS GROWING FAST, AND WE\u2019RE JUST GETTING STARTED. SINCE 2022 WE\u2019VE BEEN PRESENT IN MORE THAN [&hellip;]<\/p>","protected":false},"author":599,"featured_media":0,"parent":0,"menu_order":0,"comment_status":"closed","ping_status":"closed","template":"","meta":{"_jf_save_progress":"","_jf_limit_responses":"","footnotes":""},"class_list":["post-51547","page","type-page","status-publish","hentry"],"_links":{"self":[{"href":"https:\/\/baeagencyusa.com\/pt\/wp-json\/wp\/v2\/pages\/51547","targetHints":{"allow":["GET"]}}],"collection":[{"href":"https:\/\/baeagencyusa.com\/pt\/wp-json\/wp\/v2\/pages"}],"about":[{"href":"https:\/\/baeagencyusa.com\/pt\/wp-json\/wp\/v2\/types\/page"}],"author":[{"embeddable":true,"href":"https:\/\/baeagencyusa.com\/pt\/wp-json\/wp\/v2\/users\/599"}],"replies":[{"embeddable":true,"href":"https:\/\/baeagencyusa.com\/pt\/wp-json\/wp\/v2\/comments?post=51547"}],"version-history":[{"count":1,"href":"https:\/\/baeagencyusa.com\/pt\/wp-json\/wp\/v2\/pages\/51547\/revisions"}],"predecessor-version":[{"id":63969,"href":"https:\/\/baeagencyusa.com\/pt\/wp-json\/wp\/v2\/pages\/51547\/revisions\/63969"}],"wp:attachment":[{"href":"https:\/\/baeagencyusa.com\/pt\/wp-json\/wp\/v2\/media?parent=51547"}],"curies":[{"name":"wp","href":"https:\/\/api.w.org\/{rel}","templated":true}]}}