{"id":47888,"date":"2025-06-02T13:14:27","date_gmt":"2025-06-02T18:14:27","guid":{"rendered":"https:\/\/baeagencyusa.com\/?page_id=47888"},"modified":"2025-06-30T18:19:59","modified_gmt":"2025-06-30T23:19:59","slug":"information-referral-program","status":"publish","type":"page","link":"https:\/\/baeagencyusa.com\/pt\/information-referral-program\/","title":{"rendered":"Information Referral Program"},"content":{"rendered":"<div data-elementor-type=\"wp-page\" data-elementor-id=\"47888\" class=\"elementor elementor-47888\" data-elementor-post-type=\"page\">\n\t\t\t\t<div class=\"elementor-element elementor-element-78dbf6ca e-flex e-con-boxed e-con e-parent\" data-id=\"78dbf6ca\" data-element_type=\"container\" data-settings=\"{&quot;jet_parallax_layout_list&quot;:[]}\">\n\t\t\t\t\t<div class=\"e-con-inner\">\n\t\t\t\t<div class=\"elementor-element elementor-element-5d3d4009 premium-header-block elementor-widget__width-initial premium-lq__none premium-box-lq__none elementor-widget elementor-widget-premium-addon-dual-header\" data-id=\"5d3d4009\" data-element_type=\"widget\" data-widget_type=\"premium-addon-dual-header.default\">\n\t\t\t\t<div class=\"elementor-widget-container\">\n\t\t\t\t\t\n\t\t\t\t\t<h2 class=\"premium-dual-header-first-header\"><span class=\"premium-dual-header-first-span\"> <\/span><span class=\"premium-dual-header-second-header\">Programa De Indica\u00e7\u00e3o<\/span><\/h2> \t\t\n\t\t\t\t\t\t<\/div>\n\t\t\t\t<\/div>\n\t\t\t\t<div class=\"elementor-element elementor-element-21cb8733 elementor-widget__width-initial elementor-widget elementor-widget-text-editor\" data-id=\"21cb8733\" data-element_type=\"widget\" data-widget_type=\"text-editor.default\">\n\t\t\t\t<div class=\"elementor-widget-container\">\n\t\t\t\t\t\t\t\t\t<p>O nosso programa de refer\u00eancia permite que voc\u00ea ganhe dinheiro ao recomendar novos modelos para eventos. Quando um referido modelo registra e com \u00eaxito livros de seu primeiro evento usando o seu link de refer\u00eancia, voc\u00ea vai receber uma recompensa igual a 10% da primeira reserva de at\u00e9 us $ 50. <a href=\"#terms\">(Ver termos e condi\u00e7\u00f5es)<\/a><\/p>\t\t\t\t\t\t\t\t<\/div>\n\t\t\t\t<\/div>\n\t\t\t\t<div class=\"elementor-element elementor-element-3c382168 elementor-widget elementor-widget-spacer\" data-id=\"3c382168\" data-element_type=\"widget\" data-widget_type=\"spacer.default\">\n\t\t\t\t<div class=\"elementor-widget-container\">\n\t\t\t\t\t\t\t<div class=\"elementor-spacer\">\n\t\t\t<div class=\"elementor-spacer-inner\"><\/div>\n\t\t<\/div>\n\t\t\t\t\t\t<\/div>\n\t\t\t\t<\/div>\n\t\t<div class=\"elementor-element elementor-element-6d9f1d8 e-con-full e-flex e-con e-child\" data-id=\"6d9f1d8\" data-element_type=\"container\" id=\"woo-add-to-cart\" data-settings=\"{&quot;jet_parallax_layout_list&quot;:[]}\">\n\t\t<div class=\"elementor-element elementor-element-1482f7ec e-con-full e-flex e-con e-child\" data-id=\"1482f7ec\" data-element_type=\"container\" data-settings=\"{&quot;jet_parallax_layout_list&quot;:[]}\">\n\t\t\t\t<div class=\"elementor-element elementor-element-7750cf73 premium-header-block elementor-widget__width-initial premium-lq__none premium-box-lq__none elementor-widget elementor-widget-premium-addon-dual-header\" data-id=\"7750cf73\" data-element_type=\"widget\" data-widget_type=\"premium-addon-dual-header.default\">\n\t\t\t\t<div class=\"elementor-widget-container\">\n\t\t\t\t\t\n\t\t\t\t\t<h2 class=\"premium-dual-header-first-header\"><span class=\"premium-dual-header-first-span\">(Passo a passo) <\/span><span class=\"premium-dual-header-second-header\">Como Funciona? <\/span><\/h2> \t\t\n\t\t\t\t\t\t<\/div>\n\t\t\t\t<\/div>\n\t\t\t\t<div class=\"elementor-element elementor-element-5f38ef9e elementor-widget__width-initial elementor-widget elementor-widget-text-editor\" data-id=\"5f38ef9e\" data-element_type=\"widget\" data-widget_type=\"text-editor.default\">\n\t\t\t\t<div class=\"elementor-widget-container\">\n\t\t\t\t\t\t\t\t\t<ol><li><span style=\"text-decoration: underline;\"><a href=\"\/pt\/account\/\"><strong>V\u00e1 para o seu perfil<\/strong><\/a><\/span> a partir da p\u00e1gina conta.<\/li><li><strong>Desloque-se para baixo<\/strong> at\u00e9 encontrar o seu link de refer\u00eancia.<\/li><li><strong>Copiar o link.<\/strong><\/li><\/ol>\t\t\t\t\t\t\t\t<\/div>\n\t\t\t\t<\/div>\n\t\t\t\t<\/div>\n\t\t<div class=\"elementor-element elementor-element-1ce89426 e-con-full e-flex e-con e-child\" data-id=\"1ce89426\" data-element_type=\"container\" data-settings=\"{&quot;jet_parallax_layout_list&quot;:[]}\">\n\t\t\t\t<div class=\"elementor-element elementor-element-28b71e66 elementor-widget elementor-widget-image\" data-id=\"28b71e66\" data-element_type=\"widget\" data-widget_type=\"image.default\">\n\t\t\t\t<div class=\"elementor-widget-container\">\n\t\t\t\t\t\t\t\t\t\t\t\t\t\t\t<img fetchpriority=\"high\" decoding=\"async\" width=\"800\" height=\"334\" src=\"https:\/\/baeagencyusa.com\/wp-content\/uploads\/Captura-de-pantalla-2025-06-02-a-las-12.22.12\u202fp.m-1024x428.png\" class=\"attachment-large size-large wp-image-47898\" alt=\"\" srcset=\"https:\/\/baeagencyusa.com\/wp-content\/uploads\/Captura-de-pantalla-2025-06-02-a-las-12.22.12\u202fp.m-1024x428.png 1024w, https:\/\/baeagencyusa.com\/wp-content\/uploads\/Captura-de-pantalla-2025-06-02-a-las-12.22.12\u202fp.m-300x125.png 300w, https:\/\/baeagencyusa.com\/wp-content\/uploads\/Captura-de-pantalla-2025-06-02-a-las-12.22.12\u202fp.m-500x209.png 500w, https:\/\/baeagencyusa.com\/wp-content\/uploads\/Captura-de-pantalla-2025-06-02-a-las-12.22.12\u202fp.m-768x321.png 768w, https:\/\/baeagencyusa.com\/wp-content\/uploads\/Captura-de-pantalla-2025-06-02-a-las-12.22.12\u202fp.m-1536x641.png 1536w, https:\/\/baeagencyusa.com\/wp-content\/uploads\/Captura-de-pantalla-2025-06-02-a-las-12.22.12\u202fp.m.png 1590w\" sizes=\"(max-width: 800px) 100vw, 800px\" \/>\t\t\t\t\t\t\t\t\t\t\t\t\t\t\t<\/div>\n\t\t\t\t<\/div>\n\t\t\t\t<\/div>\n\t\t\t\t<\/div>\n\t\t<div class=\"elementor-element elementor-element-2f9445b6 e-con-full e-flex e-con e-child\" data-id=\"2f9445b6\" data-element_type=\"container\" id=\"woo-add-to-wishlist\" data-settings=\"{&quot;jet_parallax_layout_list&quot;:[]}\">\n\t\t<div class=\"elementor-element elementor-element-1d3c4ba1 e-con-full e-flex e-con e-child\" data-id=\"1d3c4ba1\" data-element_type=\"container\" data-settings=\"{&quot;jet_parallax_layout_list&quot;:[]}\">\n\t\t\t\t<div class=\"elementor-element elementor-element-7253c658 premium-header-block elementor-widget__width-initial premium-lq__none premium-box-lq__none elementor-widget elementor-widget-premium-addon-dual-header\" data-id=\"7253c658\" data-element_type=\"widget\" data-widget_type=\"premium-addon-dual-header.default\">\n\t\t\t\t<div class=\"elementor-widget-container\">\n\t\t\t\t\t\n\t\t\t\t\t<h2 class=\"premium-dual-header-first-header\"><span class=\"premium-dual-header-first-span\">Recompensa <\/span><span class=\"premium-dual-header-second-header\">Envie para os modelos que voc\u00ea deseja convidar.<\/span><\/h2> \t\t\n\t\t\t\t\t\t<\/div>\n\t\t\t\t<\/div>\n\t\t\t\t<div class=\"elementor-element elementor-element-3e2be785 elementor-widget__width-initial elementor-widget elementor-widget-text-editor\" data-id=\"3e2be785\" data-element_type=\"widget\" data-widget_type=\"text-editor.default\">\n\t\t\t\t<div class=\"elementor-widget-container\">\n\t\t\t\t\t\t\t\t\t<p><strong>Depois de se registrar<\/strong>, o sistema ir\u00e1 atribuir automaticamente a refer\u00eancia, sempre que receber o livro, estamos em contato para voc\u00ea e voc\u00ea vai receber a sua recompensa.<\/p>\t\t\t\t\t\t\t\t<\/div>\n\t\t\t\t<\/div>\n\t\t\t\t<\/div>\n\t\t<div class=\"elementor-element elementor-element-4a332ac3 e-con-full e-flex e-con e-child\" data-id=\"4a332ac3\" data-element_type=\"container\" data-settings=\"{&quot;jet_parallax_layout_list&quot;:[]}\">\n\t\t\t\t<div class=\"elementor-element elementor-element-07f7cc1 elementor-widget-mobile__width-initial elementor-widget elementor-widget-image\" data-id=\"07f7cc1\" data-element_type=\"widget\" data-widget_type=\"image.default\">\n\t\t\t\t<div class=\"elementor-widget-container\">\n\t\t\t\t\t\t\t\t\t\t\t\t\t\t\t<img decoding=\"async\" width=\"300\" height=\"300\" src=\"https:\/\/baeagencyusa.com\/wp-content\/uploads\/icon-removebg-preview-300x300.png\" class=\"attachment-medium size-medium wp-image-47999\" alt=\"\" srcset=\"https:\/\/baeagencyusa.com\/wp-content\/uploads\/icon-removebg-preview-300x300.png 300w, https:\/\/baeagencyusa.com\/wp-content\/uploads\/icon-removebg-preview.png 500w\" sizes=\"(max-width: 300px) 100vw, 300px\" \/>\t\t\t\t\t\t\t\t\t\t\t\t\t\t\t<\/div>\n\t\t\t\t<\/div>\n\t\t\t\t<\/div>\n\t\t\t\t<\/div>\n\t\t<div class=\"elementor-element elementor-element-7ef1690e e-con-full e-flex e-con e-child\" data-id=\"7ef1690e\" data-element_type=\"container\" id=\"woo-add-to-compare\" data-settings=\"{&quot;jet_parallax_layout_list&quot;:[]}\">\n\t\t<div class=\"elementor-element elementor-element-389f5793 e-con-full e-flex e-con e-child\" data-id=\"389f5793\" data-element_type=\"container\" data-settings=\"{&quot;jet_parallax_layout_list&quot;:[]}\">\n\t\t\t\t<div class=\"elementor-element elementor-element-6034228 premium-header-block elementor-widget__width-initial premium-lq__none premium-box-lq__none elementor-widget elementor-widget-premium-addon-dual-header\" data-id=\"6034228\" data-element_type=\"widget\" data-widget_type=\"premium-addon-dual-header.default\">\n\t\t\t\t<div class=\"elementor-widget-container\">\n\t\t\t\t\t\n\t\t\t\t\t<h2 class=\"premium-dual-header-first-header\"><span class=\"premium-dual-header-first-span\"> <\/span><span class=\"premium-dual-header-second-header\">Benef\u00edcios Do Programa<\/span><\/h2> \t\t\n\t\t\t\t\t\t<\/div>\n\t\t\t\t<\/div>\n\t\t\t\t<div class=\"elementor-element elementor-element-2f37c430 elementor-widget__width-initial elementor-widget elementor-widget-text-editor\" data-id=\"2f37c430\" data-element_type=\"widget\" data-widget_type=\"text-editor.default\">\n\t\t\t\t<div class=\"elementor-widget-container\">\n\t\t\t\t\t\t\t\t\t<ul><li><p>Ganhos sem esfor\u00e7o adicional.<\/p><\/li><li><p>Um sistema automatizado que controla as refer\u00eancias.<\/p><\/li><li><p>Oportunidade para aumentar a renda, enquanto as oportunidades de partilha com os colegas.<\/p><\/li><\/ul>\t\t\t\t\t\t\t\t<\/div>\n\t\t\t\t<\/div>\n\t\t\t\t<\/div>\n\t\t<div class=\"elementor-element elementor-element-6100f34e e-con-full e-flex e-con e-child\" data-id=\"6100f34e\" data-element_type=\"container\" data-settings=\"{&quot;jet_parallax_layout_list&quot;:[]}\">\n\t\t\t\t<div class=\"elementor-element elementor-element-51b33c45 elementor-widget__width-initial elementor-widget elementor-widget-image\" data-id=\"51b33c45\" data-element_type=\"widget\" data-widget_type=\"image.default\">\n\t\t\t\t<div class=\"elementor-widget-container\">\n\t\t\t\t\t\t\t\t\t\t\t\t\t\t\t<img decoding=\"async\" width=\"500\" height=\"500\" src=\"https:\/\/baeagencyusa.com\/wp-content\/uploads\/iconos-Photoroom-500x500.png\" class=\"attachment-thumbnail size-thumbnail wp-image-48014\" alt=\"\" srcset=\"https:\/\/baeagencyusa.com\/wp-content\/uploads\/iconos-Photoroom-500x500.png 500w, https:\/\/baeagencyusa.com\/wp-content\/uploads\/iconos-Photoroom-300x300.png 300w, https:\/\/baeagencyusa.com\/wp-content\/uploads\/iconos-Photoroom-1024x1024.png 1024w, https:\/\/baeagencyusa.com\/wp-content\/uploads\/iconos-Photoroom-768x768.png 768w, https:\/\/baeagencyusa.com\/wp-content\/uploads\/iconos-Photoroom.png 1080w\" sizes=\"(max-width: 500px) 100vw, 500px\" \/>\t\t\t\t\t\t\t\t\t\t\t\t\t\t\t<\/div>\n\t\t\t\t<\/div>\n\t\t\t\t<\/div>\n\t\t\t\t<\/div>\n\t\t\t\t\t<\/div>\n\t\t\t\t<\/div>\n\t\t<div class=\"elementor-element elementor-element-334db8b1 e-flex e-con-boxed e-con e-parent\" data-id=\"334db8b1\" data-element_type=\"container\" data-settings=\"{&quot;background_background&quot;:&quot;classic&quot;,&quot;shape_divider_top&quot;:&quot;split&quot;,&quot;jet_parallax_layout_list&quot;:[]}\">\n\t\t\t\t\t<div class=\"e-con-inner\">\n\t\t\t\t<div class=\"elementor-shape elementor-shape-top\" aria-hidden=\"true\" data-negative=\"false\">\n\t\t\t<svg xmlns=\"http:\/\/www.w3.org\/2000\/svg\" viewbox=\"0 0 1000 20\" preserveaspectratio=\"none\">\n\t<path class=\"elementor-shape-fill\" d=\"M0,0v3c0,0,393.8,0,483.4,0c9.2,0,16.6,7.4,16.6,16.6c0-9.1,7.4-16.6,16.6-16.6C606.2,3,1000,3,1000,3V0H0z\"\/>\n<\/svg>\t\t<\/div>\n\t\t\t\t<div class=\"elementor-element elementor-element-514ebd9a premium-header-block premium-lq__none premium-box-lq__none elementor-widget elementor-widget-premium-addon-dual-header\" data-id=\"514ebd9a\" data-element_type=\"widget\" data-widget_type=\"premium-addon-dual-header.default\">\n\t\t\t\t<div class=\"elementor-widget-container\">\n\t\t\t\t\t\n\t\t\t\t\t<h2 class=\"premium-dual-header-first-header\"><span class=\"premium-dual-header-first-span\"> <\/span><span class=\"premium-dual-header-second-header\">Perguntas Frequentes<\/span><\/h2> \t\t\n\t\t\t\t\t\t<\/div>\n\t\t\t\t<\/div>\n\t\t\t\t<div class=\"elementor-element elementor-element-5c6a37ac premium-testimonial__equal-yes premium-testimonial__skin1 premium-testimonial__img-top elementor-widget elementor-widget-premium-addon-testimonials\" data-id=\"5c6a37ac\" data-element_type=\"widget\" data-settings=\"{&quot;img_position&quot;:&quot;absolute&quot;,&quot;testimonials_per_row_tablet&quot;:&quot;33.33%&quot;,&quot;skin&quot;:&quot;skin1&quot;,&quot;testimonials_per_row&quot;:&quot;33.33%&quot;,&quot;testimonials_per_row_mobile&quot;:&quot;100%&quot;,&quot;arrows_lq_effect&quot;:&quot;none&quot;}\" data-widget_type=\"premium-addon-testimonials.default\">\n\t\t\t\t<div class=\"elementor-widget-container\">\n\t\t\t\t\t\n\t\t\n\t\t<div class=\"premium-testimonial-box multiple-testimonials\">\n\n\t\t\t\n\t\t\t\t\n\t\t\t\t\n\t\t\t\t\t<div class=\"premium-testimonial-container\">\n\n\t\t\t\t\t\t\t\t\t\t\t\t\t<div class=\"premium-testimonial-upper-quote\">\n\t\t\t\t\t\t\t\t<svg id=\"Layer_1\" class=\"premium-testimonial-quote\" xmlns=\"http:\/\/www.w3.org\/2000\/svg\" aria-hidden=\"true\" width=\"48\" height=\"37\" viewbox=\"0 0 48 37\"><path d=\"m37,37c6.07,0,11-4.93,11-11s-4.93-11-11-11c-.32,0-.63.02-.94.05.54-4.81,2.18-9.43,4.79-13.52.19-.31.2-.7.03-1.01-.18-.32-.51-.52-.88-.52h-2c-.27,0-.54.11-.73.31-5.14,5.41-11.27,14.26-11.27,25.69,0,6.07,4.93,10.99,11,11h0Zm-26,0c6.07,0,11-4.93,11-11s-4.93-11-11-11c-.32,0-.63.02-.94.05.54-4.81,2.18-9.43,4.79-13.52.19-.31.2-.7.03-1.01-.18-.32-.51-.52-.87-.52h-2c-.27,0-.54.11-.73.31C6.13,5.72,0,14.57,0,26c0,6.07,4.93,10.99,11,11h0Zm0,0\"\/><\/svg>\t\t\t\t\t\t\t<\/div>\n\t\t\t\t\t\t\n\t\t\t\t\t\t<div class=\"premium-testimonial-content-wrapper\">\n\n\t\t\t\t\t\t\t\t\t\t\t\t\t\t\t<div class=\"premium-testimonial-heading\">\n\t\t\t\t\t\t\t\t\t<p >\n\t\t\t\t\t\t\t\t\t\tQuanto dinheiro posso ganhar por indica\u00e7\u00e3o?\t\t\t\t\t\t\t\t\t<\/p>\n\t\t\t\t\t\t\t\t<\/div>\n\t\t\t\t\t\t\t\n\t\t\t\t\t\t\t<div class=\"premium-testimonial-text-wrapper\">\n\t\t\t\t\t\t\t\t<div >\n\t\t\t\t\t\t\t\t\tPara cada novo modelo que voc\u00ea consulte e fica reservado, voc\u00ea vai receber um 10% recompensa do total de lucro apenas para o primeiro reserva, a recompensa \u00e9 de no m\u00e1ximo $50.\t\t\t\t\t\t\t\t<\/div>\n\t\t\t\t\t\t\t<\/div>\n\n\t\t\t\t\t\t\t\n\t\t\t\t\t\t\t\n\t\t\t\t\t\t\t\t\t\t\t\t\t\t\t\t\t\t\t\t\t\t\t\t\t\t\t<div class=\"premium-testimonial-img-wrapper\">\n\t\t\t\t\t\t\t\t\t\t\t<img decoding=\"async\" src=\"https:\/\/baeagencyusa.com\/wp-content\/uploads\/1.png\" title=\"1\" alt=\"1\" loading=\"lazy\" \/>\t\t\t\t\t\t\t\t\t\t<\/div>\n\t\t\t\t\t\t\t\t\t\t\t\t\t\t\t\t\t\n\t\t\t\t\t\t\t\t<div class=\"premium-testimonial-author-info\">\n\t\t\t\t\t\t\t\t\t<h3 class=\"premium-testimonial-person-name\">\n\t\t\t\t\t\t\t\t\t\t<span >\n\t\t\t\t\t\t\t\t\t\t\t\t\t\t\t\t\t\t\t\t\t<\/span>\n\t\t\t\t\t\t\t\t\t<\/h3>\n\n\t\t\t\t\t\t\t\t\t\t\t\t\t\t\t\t\t<\/div>\n\n\t\t\t\t\t\t\t\n\t\t\t\t\t\t<\/div>\n\n\t\t\t\t\t\t\t\t\t\t\t\t\t<div class=\"premium-testimonial-lower-quote\">\n\t\t\t\t\t\t\t\t<svg id=\"Layer_1\" class=\"premium-testimonial-quote\" xmlns=\"http:\/\/www.w3.org\/2000\/svg\" aria-hidden=\"true\" width=\"48\" height=\"37\" viewbox=\"0 0 48 37\"><path d=\"m37,37c6.07,0,11-4.93,11-11s-4.93-11-11-11c-.32,0-.63.02-.94.05.54-4.81,2.18-9.43,4.79-13.52.19-.31.2-.7.03-1.01-.18-.32-.51-.52-.88-.52h-2c-.27,0-.54.11-.73.31-5.14,5.41-11.27,14.26-11.27,25.69,0,6.07,4.93,10.99,11,11h0Zm-26,0c6.07,0,11-4.93,11-11s-4.93-11-11-11c-.32,0-.63.02-.94.05.54-4.81,2.18-9.43,4.79-13.52.19-.31.2-.7.03-1.01-.18-.32-.51-.52-.87-.52h-2c-.27,0-.54.11-.73.31C6.13,5.72,0,14.57,0,26c0,6.07,4.93,10.99,11,11h0Zm0,0\"\/><\/svg>\t\t\t\t\t\t\t<\/div>\n\t\t\t\t\t\t\n\t\t\t\t\t<\/div>\n\n\t\t\t\t\n\t\t\t\t\t<div class=\"premium-testimonial-container\">\n\n\t\t\t\t\t\t\t\t\t\t\t\t\t<div class=\"premium-testimonial-upper-quote\">\n\t\t\t\t\t\t\t\t<svg id=\"Layer_1\" class=\"premium-testimonial-quote\" xmlns=\"http:\/\/www.w3.org\/2000\/svg\" aria-hidden=\"true\" width=\"48\" height=\"37\" viewbox=\"0 0 48 37\"><path d=\"m37,37c6.07,0,11-4.93,11-11s-4.93-11-11-11c-.32,0-.63.02-.94.05.54-4.81,2.18-9.43,4.79-13.52.19-.31.2-.7.03-1.01-.18-.32-.51-.52-.88-.52h-2c-.27,0-.54.11-.73.31-5.14,5.41-11.27,14.26-11.27,25.69,0,6.07,4.93,10.99,11,11h0Zm-26,0c6.07,0,11-4.93,11-11s-4.93-11-11-11c-.32,0-.63.02-.94.05.54-4.81,2.18-9.43,4.79-13.52.19-.31.2-.7.03-1.01-.18-.32-.51-.52-.87-.52h-2c-.27,0-.54.11-.73.31C6.13,5.72,0,14.57,0,26c0,6.07,4.93,10.99,11,11h0Zm0,0\"\/><\/svg>\t\t\t\t\t\t\t<\/div>\n\t\t\t\t\t\t\n\t\t\t\t\t\t<div class=\"premium-testimonial-content-wrapper\">\n\n\t\t\t\t\t\t\t\t\t\t\t\t\t\t\t<div class=\"premium-testimonial-heading\">\n\t\t\t\t\t\t\t\t\t<p >\n\t\t\t\t\t\t\t\t\t\tQuando vou receber a minha recompensa?\t\t\t\t\t\t\t\t\t<\/p>\n\t\t\t\t\t\t\t\t<\/div>\n\t\t\t\t\t\t\t\n\t\t\t\t\t\t\t<div class=\"premium-testimonial-text-wrapper\">\n\t\t\t\t\t\t\t\t<div >\n\t\t\t\t\t\t\t\t\tRecompensas s\u00e3o processados ap\u00f3s o referido modelo conclui com \u00eaxito a reserva.\nN\u00f3s tamb\u00e9m precisamos de sua W9 para processar a recompensa.\t\t\t\t\t\t\t\t<\/div>\n\t\t\t\t\t\t\t<\/div>\n\n\t\t\t\t\t\t\t\n\t\t\t\t\t\t\t\n\t\t\t\t\t\t\t\t\t\t\t\t\t\t\t\t\t\t\t\t\t\t\t\t\t\t\t<div class=\"premium-testimonial-img-wrapper\">\n\t\t\t\t\t\t\t\t\t\t\t<img decoding=\"async\" src=\"https:\/\/baeagencyusa.com\/wp-content\/uploads\/2.png\" title=\"2\" alt=\"2\" loading=\"lazy\" \/>\t\t\t\t\t\t\t\t\t\t<\/div>\n\t\t\t\t\t\t\t\t\t\t\t\t\t\t\t\t\t\n\t\t\t\t\t\t\t\t<div class=\"premium-testimonial-author-info\">\n\t\t\t\t\t\t\t\t\t<h3 class=\"premium-testimonial-person-name\">\n\t\t\t\t\t\t\t\t\t\t<span >\n\t\t\t\t\t\t\t\t\t\t\t\t\t\t\t\t\t\t\t\t\t<\/span>\n\t\t\t\t\t\t\t\t\t<\/h3>\n\n\t\t\t\t\t\t\t\t\t\t\t\t\t\t\t\t\t<\/div>\n\n\t\t\t\t\t\t\t\n\t\t\t\t\t\t<\/div>\n\n\t\t\t\t\t\t\t\t\t\t\t\t\t<div class=\"premium-testimonial-lower-quote\">\n\t\t\t\t\t\t\t\t<svg id=\"Layer_1\" class=\"premium-testimonial-quote\" xmlns=\"http:\/\/www.w3.org\/2000\/svg\" aria-hidden=\"true\" width=\"48\" height=\"37\" viewbox=\"0 0 48 37\"><path d=\"m37,37c6.07,0,11-4.93,11-11s-4.93-11-11-11c-.32,0-.63.02-.94.05.54-4.81,2.18-9.43,4.79-13.52.19-.31.2-.7.03-1.01-.18-.32-.51-.52-.88-.52h-2c-.27,0-.54.11-.73.31-5.14,5.41-11.27,14.26-11.27,25.69,0,6.07,4.93,10.99,11,11h0Zm-26,0c6.07,0,11-4.93,11-11s-4.93-11-11-11c-.32,0-.63.02-.94.05.54-4.81,2.18-9.43,4.79-13.52.19-.31.2-.7.03-1.01-.18-.32-.51-.52-.87-.52h-2c-.27,0-.54.11-.73.31C6.13,5.72,0,14.57,0,26c0,6.07,4.93,10.99,11,11h0Zm0,0\"\/><\/svg>\t\t\t\t\t\t\t<\/div>\n\t\t\t\t\t\t\n\t\t\t\t\t<\/div>\n\n\t\t\t\t\n\t\t\t\t\t<div class=\"premium-testimonial-container\">\n\n\t\t\t\t\t\t\t\t\t\t\t\t\t<div class=\"premium-testimonial-upper-quote\">\n\t\t\t\t\t\t\t\t<svg id=\"Layer_1\" class=\"premium-testimonial-quote\" xmlns=\"http:\/\/www.w3.org\/2000\/svg\" aria-hidden=\"true\" width=\"48\" height=\"37\" viewbox=\"0 0 48 37\"><path d=\"m37,37c6.07,0,11-4.93,11-11s-4.93-11-11-11c-.32,0-.63.02-.94.05.54-4.81,2.18-9.43,4.79-13.52.19-.31.2-.7.03-1.01-.18-.32-.51-.52-.88-.52h-2c-.27,0-.54.11-.73.31-5.14,5.41-11.27,14.26-11.27,25.69,0,6.07,4.93,10.99,11,11h0Zm-26,0c6.07,0,11-4.93,11-11s-4.93-11-11-11c-.32,0-.63.02-.94.05.54-4.81,2.18-9.43,4.79-13.52.19-.31.2-.7.03-1.01-.18-.32-.51-.52-.87-.52h-2c-.27,0-.54.11-.73.31C6.13,5.72,0,14.57,0,26c0,6.07,4.93,10.99,11,11h0Zm0,0\"\/><\/svg>\t\t\t\t\t\t\t<\/div>\n\t\t\t\t\t\t\n\t\t\t\t\t\t<div class=\"premium-testimonial-content-wrapper\">\n\n\t\t\t\t\t\t\t\t\t\t\t\t\t\t\t<div class=\"premium-testimonial-heading\">\n\t\t\t\t\t\t\t\t\t<p >\n\t\t\t\t\t\t\t\t\t\tExiste um limite para a quantidade de modelos que eu possa consultar?\t\t\t\t\t\t\t\t\t<\/p>\n\t\t\t\t\t\t\t\t<\/div>\n\t\t\t\t\t\t\t\n\t\t\t\t\t\t\t<div class=\"premium-testimonial-text-wrapper\">\n\t\t\t\t\t\t\t\t<div >\n\t\t\t\t\t\t\t\t\tN\u00e3o! N\u00e3o h\u00e1 limite para o n\u00famero de modelos que voc\u00ea pode consultar. O mais modelos para voc\u00ea convidar, mais pontos voc\u00ea pode ganhar. \u00c9 uma \u00f3tima maneira de construir uma forte rede beneficiando dos passivos acumulados.\t\t\t\t\t\t\t\t<\/div>\n\t\t\t\t\t\t\t<\/div>\n\n\t\t\t\t\t\t\t\n\t\t\t\t\t\t\t\n\t\t\t\t\t\t\t\t\t\t\t\t\t\t\t\t\t\t\t\t\t\t\t\t\t\t\t<div class=\"premium-testimonial-img-wrapper\">\n\t\t\t\t\t\t\t\t\t\t\t<img decoding=\"async\" src=\"https:\/\/baeagencyusa.com\/wp-content\/uploads\/3.png\" title=\"3\" alt=\"3\" loading=\"lazy\" \/>\t\t\t\t\t\t\t\t\t\t<\/div>\n\t\t\t\t\t\t\t\t\t\t\t\t\t\t\t\t\t\n\t\t\t\t\t\t\t\t<div class=\"premium-testimonial-author-info\">\n\t\t\t\t\t\t\t\t\t<h3 class=\"premium-testimonial-person-name\">\n\t\t\t\t\t\t\t\t\t\t<span >\n\t\t\t\t\t\t\t\t\t\t\t\t\t\t\t\t\t\t\t\t\t<\/span>\n\t\t\t\t\t\t\t\t\t<\/h3>\n\n\t\t\t\t\t\t\t\t\t\t\t\t\t\t\t\t\t<\/div>\n\n\t\t\t\t\t\t\t\n\t\t\t\t\t\t<\/div>\n\n\t\t\t\t\t\t\t\t\t\t\t\t\t<div class=\"premium-testimonial-lower-quote\">\n\t\t\t\t\t\t\t\t<svg id=\"Layer_1\" class=\"premium-testimonial-quote\" xmlns=\"http:\/\/www.w3.org\/2000\/svg\" aria-hidden=\"true\" width=\"48\" height=\"37\" viewbox=\"0 0 48 37\"><path d=\"m37,37c6.07,0,11-4.93,11-11s-4.93-11-11-11c-.32,0-.63.02-.94.05.54-4.81,2.18-9.43,4.79-13.52.19-.31.2-.7.03-1.01-.18-.32-.51-.52-.88-.52h-2c-.27,0-.54.11-.73.31-5.14,5.41-11.27,14.26-11.27,25.69,0,6.07,4.93,10.99,11,11h0Zm-26,0c6.07,0,11-4.93,11-11s-4.93-11-11-11c-.32,0-.63.02-.94.05.54-4.81,2.18-9.43,4.79-13.52.19-.31.2-.7.03-1.01-.18-.32-.51-.52-.87-.52h-2c-.27,0-.54.11-.73.31C6.13,5.72,0,14.57,0,26c0,6.07,4.93,10.99,11,11h0Zm0,0\"\/><\/svg>\t\t\t\t\t\t\t<\/div>\n\t\t\t\t\t\t\n\t\t\t\t\t<\/div>\n\n\t\t\t\t\t\t\t\n\n\t\t<\/div>\n\t\t\t\t\t\t<\/div>\n\t\t\t\t<\/div>\n\t\t\t\t\t<\/div>\n\t\t\t\t<\/div>\n\t\t<div class=\"elementor-element elementor-element-9fdeac5 e-flex e-con-boxed e-con e-parent\" data-id=\"9fdeac5\" data-element_type=\"container\" id=\"terms\" data-settings=\"{&quot;jet_parallax_layout_list&quot;:[]}\">\n\t\t\t\t\t<div class=\"e-con-inner\">\n\t\t\t\t<div class=\"elementor-element elementor-element-111252a premium-header-block elementor-widget__width-initial premium-lq__none premium-box-lq__none elementor-widget elementor-widget-premium-addon-dual-header\" data-id=\"111252a\" data-element_type=\"widget\" data-widget_type=\"premium-addon-dual-header.default\">\n\t\t\t\t<div class=\"elementor-widget-container\">\n\t\t\t\t\t\n\t\t\t\t\t<h2 class=\"premium-dual-header-first-header\"><span class=\"premium-dual-header-first-span\"> <\/span><span class=\"premium-dual-header-second-header\">Termos &amp; Condi\u00e7\u00f5es<\/span><\/h2> \t\t\n\t\t\t\t\t\t<\/div>\n\t\t\t\t<\/div>\n\t\t\t\t<div class=\"elementor-element elementor-element-c026afd elementor-widget elementor-widget-text-editor\" data-id=\"c026afd\" data-element_type=\"widget\" data-widget_type=\"text-editor.default\">\n\t\t\t\t<div class=\"elementor-widget-container\">\n\t\t\t\t\t\t\t\t\t<p><br \/>Para se qualificar para o encaminhamento de recompensa, as seguintes condi\u00e7\u00f5es devem ser atendidas:<\/p><p><strong>1. Evento Conclu\u00eddo<\/strong><br \/>O referido modelo deve concluir com \u00eaxito o evento eles foram reservadas para.<br \/>Todos os documentos necess\u00e1rios devem ser fornecidos, incluindo informa\u00e7\u00e3o banc\u00e1ria e w8 formul\u00e1rio.<br \/>Por exemplo: Se o evento durar cinco dias e o modelo s\u00f3 funciona para os dois, o pagamento ser\u00e1 ajustada em conformidade.<\/p><p><strong>2. Conformidade com as Normas<\/strong><br \/>O modelo deve respeitar todas as regras estabelecidas e completar os formul\u00e1rios necess\u00e1rios antes e depois da sua participa\u00e7\u00e3o.<br \/>Suas responsabilidades devem ser cumpridas com sucesso, como por evento diretrizes.<\/p><p><strong>3. Satisfa\u00e7\u00e3o Do Cliente<\/strong><br \/>A reserva tem de ser conclu\u00edda com sucesso, se n\u00e3o h\u00e1 qualquer inconveniente e nos encontramos em posi\u00e7\u00e3o de ter de ressarcir o cliente, a refer\u00eancia a recompensa n\u00e3o ser\u00e1 fornecido.<\/p><p><strong>Refer\u00eancia Recompensa<\/strong><br \/>10% do referido modelo de primeira reserva ser\u00e1 concedido app de $ 50 USD.<br \/>A recompensa, aplica-se apenas para a primeira reserva ser conclu\u00edda com \u00eaxito.<br \/>O programa de refer\u00eancia os detalhes estar\u00e3o dispon\u00edveis na sec\u00e7\u00e3o da conta para acompanhamento dos ganhos.<\/p><p>Nota: O programa N\u00c3O se aplica em Las Vegas.<\/p>\t\t\t\t\t\t\t\t<\/div>\n\t\t\t\t<\/div>\n\t\t\t\t\t<\/div>\n\t\t\t\t<\/div>\n\t\t\t\t<\/div>","protected":false},"excerpt":{"rendered":"<p>Referral Program Our referral program allows you to earn money by recommending new models for events. When a referred model registers and successfully books their first event using your referral link, you\u2019ll receive a reward equal to 10% of the first booking up to $ 50 USD. (See terms and conditions) (Step-by-Step) How Does It [&hellip;]<\/p>","protected":false},"author":599,"featured_media":0,"parent":0,"menu_order":0,"comment_status":"closed","ping_status":"closed","template":"","meta":{"_jf_save_progress":"","_jf_limit_responses":"","footnotes":""},"class_list":["post-47888","page","type-page","status-publish","hentry"],"_links":{"self":[{"href":"https:\/\/baeagencyusa.com\/pt\/wp-json\/wp\/v2\/pages\/47888","targetHints":{"allow":["GET"]}}],"collection":[{"href":"https:\/\/baeagencyusa.com\/pt\/wp-json\/wp\/v2\/pages"}],"about":[{"href":"https:\/\/baeagencyusa.com\/pt\/wp-json\/wp\/v2\/types\/page"}],"author":[{"embeddable":true,"href":"https:\/\/baeagencyusa.com\/pt\/wp-json\/wp\/v2\/users\/599"}],"replies":[{"embeddable":true,"href":"https:\/\/baeagencyusa.com\/pt\/wp-json\/wp\/v2\/comments?post=47888"}],"version-history":[{"count":0,"href":"https:\/\/baeagencyusa.com\/pt\/wp-json\/wp\/v2\/pages\/47888\/revisions"}],"wp:attachment":[{"href":"https:\/\/baeagencyusa.com\/pt\/wp-json\/wp\/v2\/media?parent=47888"}],"curies":[{"name":"wp","href":"https:\/\/api.w.org\/{rel}","templated":true}]}}